{"id":18040,"date":"2023-05-01T15:30:30","date_gmt":"2023-05-01T13:30:30","guid":{"rendered":"https:\/\/www.topiaires.be\/herba-sana\/"},"modified":"2024-02-12T18:48:23","modified_gmt":"2024-02-12T17:48:23","slug":"herba-sana","status":"publish","type":"page","link":"https:\/\/topiaires.be\/nl\/herba-sana\/","title":{"rendered":"Herba Sana"},"content":{"rendered":"\t\t<div data-elementor-type=\"wp-page\" data-elementor-id=\"18040\" class=\"elementor elementor-18040 elementor-15112\" data-elementor-post-type=\"page\">\n\t\t\t\t\t\t<section class=\"elementor-section elementor-top-section elementor-element elementor-element-1317cc66 elementor-section-content-middle elementor-section-boxed elementor-section-height-default elementor-section-height-default\" data-id=\"1317cc66\" data-element_type=\"section\" data-e-type=\"section\">\n\t\t\t\t\t\t<div class=\"elementor-container elementor-column-gap-default\">\n\t\t\t\t\t<div class=\"elementor-column elementor-col-50 elementor-top-column elementor-element elementor-element-6061505e\" data-id=\"6061505e\" data-element_type=\"column\" data-e-type=\"column\">\n\t\t\t<div class=\"elementor-widget-wrap elementor-element-populated\">\n\t\t\t\t\t\t<div class=\"elementor-element elementor-element-37387019 elementor-widget elementor-widget-ube-heading\" data-id=\"37387019\" data-element_type=\"widget\" data-e-type=\"widget\" data-widget_type=\"ube-heading.default\">\n\t\t\t\t<div class=\"elementor-widget-container\">\n\t\t\t\t\t<div class=\"ube-heading\">\n\t<h6 class=\"ube-heading-sub-title\" >Les topiaires<\/h6><h2 class=\"ube-heading-title\">\"Herba Sana\"<\/h2><div class=\"ube-heading-description\"><blockquote><h6>VISITEZ LE JARDIN DE LA SANTE \"HERBA SANA\u00a0!\" le jardin de l\u2019herboriste, un jardin m\u00e9dicinal en voyage<\/h6><\/blockquote><p>Depuis plus de 15 ans les Laboratoires Ortis disposent au c\u0153ur des Hautes Fagnes d\u2019un jardin didactique d\u00e9di\u00e9 aux plantes m\u00e9dicinales.<\/p><p><br \/>Ortis a cr\u00e9\u00e9 et con\u00e7u ce jardin afin de sensibiliser un large public \u00e0 la nature, sa pr\u00e9servation et \u00e0 la sant\u00e9 au naturel.<br \/>Pour c\u00e9l\u00e9brer ses 60 ann\u00e9es d\u2019existence en 2018, l\u2019entreprise a d\u00e9cid\u00e9 de faire voyager ce jardin avec 25 plantes essentielles dans les diff\u00e9rentes provinces du pays.<br \/>Avec des partenaires comp\u00e9tents qui partagent cette passion pour la nature, sa force, sa splendeur et ses bienfaits \u2013 tout comme les amis du Parc des Topiaires \u00e0 Durbuy, les jardins miniatures commencent \u00e0 s\u2019implanter dans tout le pays.<\/p><p><br \/>Derri\u00e8re chacun de ces projets\u00a0se cache une facette sp\u00e9ciale de la philosophie d\u2019Ortis. Par le biais du jardin migrateur \u00ab\u00a0Herba Sana pr\u00e8s de chez vous\u00a0\u00bb\u00a0les plantes m\u00e9dicinales vont faire parler d\u2019elles.\u00a0Une fa\u00e7on originale de rendre le projet du jardin de la sant\u00e9 accessible \u00e0 tout le monde et offrir \u00e0 chacun\u00a0la possibilit\u00e9 de vivre sainement gr\u00e2ce \u00e0 la nature et \u00e0 ses bienfaits.<\/p><\/div><\/div>\t\t\t\t<\/div>\n\t\t\t\t<\/div>\n\t\t\t\t\t<\/div>\n\t\t<\/div>\n\t\t\t\t<div class=\"elementor-column elementor-col-50 elementor-top-column elementor-element elementor-element-157c19b\" data-id=\"157c19b\" data-element_type=\"column\" data-e-type=\"column\">\n\t\t\t<div class=\"elementor-widget-wrap elementor-element-populated\">\n\t\t\t\t\t\t<div class=\"elementor-element elementor-element-3c6f8a63 elementor-align-left elementor-widget elementor-widget-ube-banner\" data-id=\"3c6f8a63\" data-element_type=\"widget\" data-e-type=\"widget\" data-widget_type=\"ube-banner.default\">\n\t\t\t\t<div class=\"elementor-widget-container\">\n\t\t\t\t\t    <div class=\"ube-banner ube-banner-layout-03 ube-banner-has-effect ube-banner-effect-flash ube-banner-effect-img-zoom-in\">\n        <div class=\"ube-banner-image\">\n\t\t\t                <a href=\"#\">\n                <\/a>\n\t\t\t            <div class=\"ube-banner-bg\" style=\"padding-bottom:75%;background-image : url(https:\/\/www.topiaires.be\/wp-content\/uploads\/2023\/04\/topiaires.be_parc_des_topiaires_herba_sana_0-2.jpg)\">\n            <\/div>\n        <\/div>\n        <div class=\"ube-banner-content\">\n\t\t\t\t\t\t\t\t\t\t\t\t\t\t\t\t\t\t\t\t\t        <\/div>\n    <\/div>\n\t\t\t\t<\/div>\n\t\t\t\t<\/div>\n\t\t\t\t\t<\/div>\n\t\t<\/div>\n\t\t\t\t\t<\/div>\n\t\t<\/section>\n\t\t\t\t<section class=\"elementor-section elementor-top-section elementor-element elementor-element-7a855744 elementor-section-boxed elementor-section-height-default elementor-section-height-default\" data-id=\"7a855744\" data-element_type=\"section\" data-e-type=\"section\">\n\t\t\t\t\t\t<div class=\"elementor-container elementor-column-gap-default\">\n\t\t\t\t\t<div class=\"elementor-column elementor-col-100 elementor-top-column elementor-element elementor-element-6eb0e589\" data-id=\"6eb0e589\" data-element_type=\"column\" data-e-type=\"column\">\n\t\t\t<div class=\"elementor-widget-wrap elementor-element-populated\">\n\t\t\t\t\t\t<section class=\"elementor-section elementor-inner-section elementor-element elementor-element-2c15ce2c elementor-section-boxed elementor-section-height-default elementor-section-height-default\" data-id=\"2c15ce2c\" data-element_type=\"section\" data-e-type=\"section\" data-settings=\"{&quot;background_background&quot;:&quot;classic&quot;,&quot;background_motion_fx_motion_fx_mouse&quot;:&quot;yes&quot;}\">\n\t\t\t\t\t\t<div class=\"elementor-container elementor-column-gap-default\">\n\t\t\t\t\t<div class=\"elementor-column elementor-col-100 elementor-inner-column elementor-element elementor-element-20fa3d92\" data-id=\"20fa3d92\" data-element_type=\"column\" data-e-type=\"column\">\n\t\t\t<div class=\"elementor-widget-wrap elementor-element-populated\">\n\t\t\t\t\t\t<div class=\"elementor-element elementor-element-72ad2502 elementor-align-center custom-hover-btn-video elementor-widget elementor-widget-ube-popup-video\" data-id=\"72ad2502\" data-element_type=\"widget\" data-e-type=\"widget\" data-settings=\"{&quot;youtube_url&quot;:&quot;https:\\\/\\\/www.youtube.com\\\/watch?v=OeudVBVW9cg&quot;,&quot;modestbranding&quot;:&quot;yes&quot;,&quot;video_type&quot;:&quot;youtube&quot;,&quot;controls&quot;:&quot;yes&quot;,&quot;aspect_ratio&quot;:&quot;56.25%&quot;}\" data-widget_type=\"ube-popup-video.default\">\n\t\t\t\t<div class=\"elementor-widget-container\">\n\t\t\t\t\t<div class=\"ube-popup-video\">\n\t        <button data-elementor-open-lightbox=\"yes\" data-elementor-lightbox=\"{&quot;type&quot;:&quot;video&quot;,&quot;videoType&quot;:&quot;youtube&quot;,&quot;url&quot;:&quot;https:\\\/\\\/www.youtube.com\\\/embed\\\/OeudVBVW9cg?feature=oembed&amp;start&amp;end&amp;wmode=opaque&amp;loop=0&amp;controls=1&amp;mute=0&amp;rel=0&amp;modestbranding=1&quot;,&quot;modalOptions&quot;:{&quot;id&quot;:&quot;elementor-lightbox-72ad2502&quot;}}\" class=\"btn ube-video-btn elementor-custom-embed-image-overlay btn-md btn-rounded btn-outline-primary btn-primary btn-outline icon-before\">\n\t\t\t                <span class=\"ube-btn-icon ube-icon\">\n\t\t\t\t<i aria-hidden=\"true\" class=\"fas fa-play\"><\/i>            <\/span>\n\t\t\t\t\t\t\t\t\t        <\/button>\n\t<\/div>\n\t\t\t\t<\/div>\n\t\t\t\t<\/div>\n\t\t\t\t<div class=\"elementor-element elementor-element-539a052d elementor-align-center elementor-widget elementor-widget-ube-heading\" data-id=\"539a052d\" data-element_type=\"widget\" data-e-type=\"widget\" data-widget_type=\"ube-heading.default\">\n\t\t\t\t<div class=\"elementor-widget-container\">\n\t\t\t\t\t<div class=\"ube-heading\">\n\t<h3 class=\"ube-heading-title ube-heading-size-xl\">Parc des Topiaires - Durbuy<\/h3><div class=\"ube-heading-description\"><p style=\"text-align: center;padding-left: 40px\"><strong><span style=\"color: #ffffff\">La Province de Luxembourg et Idelux ont lanc\u00e9 une campagne de communication intitul\u00e9e \u00ab \u00e0 2 pas de chez moi \u00bb. Le but est de soutenir les diff\u00e9rents acteurs du territoire en mati\u00e8re de sant\u00e9, de culture, de tourisme, des produits locaux, etc. Dans ce cadre, diverses actions sont propos\u00e9es dont \"Je d\u00e9couvre \u00e0 deux pas de chez moi\". L'objectif ? Vous faire profiter des attractions du territoire \u00e0 des prix attractifs durant tout l'\u00e9t\u00e9. Plus d'infos : www.jedecouvre.luxembourg-belge.be<\/span><\/strong><\/p><p>\u00a0<\/p><\/div><\/div>\t\t\t\t<\/div>\n\t\t\t\t<\/div>\n\t\t\t\t\t<\/div>\n\t\t<\/div>\n\t\t\t\t\t<\/div>\n\t\t<\/section>\n\t\t\t\t\t<\/div>\n\t\t<\/div>\n\t\t\t\t\t<\/div>\n\t\t<\/section>\n\t\t\t\t<\/div>\n\t\t","protected":false},"excerpt":{"rendered":"<p>Les topiaires &#8220;Herba Sana&#8221; VISITEZ LE JARDIN DE LA SANTE &#8220;HERBA SANA\u00a0!&#8221; le jardin de l\u2019herboriste, un jardin m\u00e9dicinal en voyage Depuis plus de 15 ans les Laboratoires Ortis disposent au c\u0153ur des Hautes Fagnes d\u2019un jardin didactique d\u00e9di\u00e9 aux plantes m\u00e9dicinales. Ortis a cr\u00e9\u00e9 et con\u00e7u ce jardin afin de sensibiliser un large public [&hellip;]<\/p>\n","protected":false},"author":1,"featured_media":0,"parent":0,"menu_order":0,"comment_status":"closed","ping_status":"closed","template":"","meta":{"footnotes":""},"class_list":["post-18040","page","type-page","status-publish","hentry"],"yoast_head":"<!-- This site is optimized with the Yoast SEO plugin v26.4 - https:\/\/yoast.com\/wordpress\/plugins\/seo\/ -->\n<title>Herba Sana - Topiaires<\/title>\n<meta name=\"robots\" content=\"index, follow, max-snippet:-1, max-image-preview:large, max-video-preview:-1\" \/>\n<link rel=\"canonical\" href=\"https:\/\/topiaires.be\/nl\/herba-sana\/\" \/>\n<meta property=\"og:locale\" content=\"nl_NL\" \/>\n<meta property=\"og:type\" content=\"article\" \/>\n<meta property=\"og:title\" content=\"Herba Sana - Topiaires\" \/>\n<meta property=\"og:description\" content=\"Les topiaires &#8220;Herba Sana&#8221; VISITEZ LE JARDIN DE LA SANTE &#8220;HERBA SANA\u00a0!&#8221; le jardin de l\u2019herboriste, un jardin m\u00e9dicinal en voyage Depuis plus de 15 ans les Laboratoires Ortis disposent au c\u0153ur des Hautes Fagnes d\u2019un jardin didactique d\u00e9di\u00e9 aux plantes m\u00e9dicinales. Ortis a cr\u00e9\u00e9 et con\u00e7u ce jardin afin de sensibiliser un large public [&hellip;]\" \/>\n<meta property=\"og:url\" content=\"https:\/\/topiaires.be\/nl\/herba-sana\/\" \/>\n<meta property=\"og:site_name\" content=\"Topiaires\" \/>\n<meta property=\"article:publisher\" content=\"https:\/\/www.facebook.com\/parcdestopiaires\/?locale=fr_FR\" \/>\n<meta property=\"article:modified_time\" content=\"2024-02-12T17:48:23+00:00\" \/>\n<meta property=\"og:image\" content=\"https:\/\/topiaires.be\/wp-content\/uploads\/2023\/04\/image4696606966361348741.jpg\" \/>\n\t<meta property=\"og:image:width\" content=\"750\" \/>\n\t<meta property=\"og:image:height\" content=\"561\" \/>\n\t<meta property=\"og:image:type\" content=\"image\/jpeg\" \/>\n<meta name=\"twitter:card\" content=\"summary_large_image\" \/>\n<meta name=\"twitter:label1\" content=\"Geschatte leestijd\" \/>\n\t<meta name=\"twitter:data1\" content=\"1 minuut\" \/>\n<script type=\"application\/ld+json\" class=\"yoast-schema-graph\">{\"@context\":\"https:\/\/schema.org\",\"@graph\":[{\"@type\":\"WebPage\",\"@id\":\"https:\/\/topiaires.be\/nl\/herba-sana\/\",\"url\":\"https:\/\/topiaires.be\/nl\/herba-sana\/\",\"name\":\"Herba Sana - Topiaires\",\"isPartOf\":{\"@id\":\"https:\/\/topiaires.be\/#website\"},\"datePublished\":\"2023-05-01T13:30:30+00:00\",\"dateModified\":\"2024-02-12T17:48:23+00:00\",\"breadcrumb\":{\"@id\":\"https:\/\/topiaires.be\/nl\/herba-sana\/#breadcrumb\"},\"inLanguage\":\"nl-NL\",\"potentialAction\":[{\"@type\":\"ReadAction\",\"target\":[\"https:\/\/topiaires.be\/nl\/herba-sana\/\"]}]},{\"@type\":\"BreadcrumbList\",\"@id\":\"https:\/\/topiaires.be\/nl\/herba-sana\/#breadcrumb\",\"itemListElement\":[{\"@type\":\"ListItem\",\"position\":1,\"name\":\"Accueil\",\"item\":\"https:\/\/topiaires.be\/nl\/\"},{\"@type\":\"ListItem\",\"position\":2,\"name\":\"Herba Sana\"}]},{\"@type\":\"WebSite\",\"@id\":\"https:\/\/topiaires.be\/#website\",\"url\":\"https:\/\/topiaires.be\/\",\"name\":\"Parc des Topiaires de Durbuy\",\"description\":\"Parc des Topiaires de Durbuy\",\"publisher\":{\"@id\":\"https:\/\/topiaires.be\/#organization\"},\"alternateName\":\"Topiaires\",\"potentialAction\":[{\"@type\":\"SearchAction\",\"target\":{\"@type\":\"EntryPoint\",\"urlTemplate\":\"https:\/\/topiaires.be\/?s={search_term_string}\"},\"query-input\":{\"@type\":\"PropertyValueSpecification\",\"valueRequired\":true,\"valueName\":\"search_term_string\"}}],\"inLanguage\":\"nl-NL\"},{\"@type\":\"Organization\",\"@id\":\"https:\/\/topiaires.be\/#organization\",\"name\":\"Parc des topiaires de Durbuy\",\"url\":\"https:\/\/topiaires.be\/\",\"logo\":{\"@type\":\"ImageObject\",\"inLanguage\":\"nl-NL\",\"@id\":\"https:\/\/topiaires.be\/#\/schema\/logo\/image\/\",\"url\":\"http:\/\/topiaires.be\/wp-content\/uploads\/2023\/04\/topiaires.be_logo.svg\",\"contentUrl\":\"http:\/\/topiaires.be\/wp-content\/uploads\/2023\/04\/topiaires.be_logo.svg\",\"width\":140,\"height\":100,\"caption\":\"Parc des topiaires de Durbuy\"},\"image\":{\"@id\":\"https:\/\/topiaires.be\/#\/schema\/logo\/image\/\"},\"sameAs\":[\"https:\/\/www.facebook.com\/parcdestopiaires\/?locale=fr_FR\"]}]}<\/script>\n<!-- \/ Yoast SEO plugin. -->","yoast_head_json":{"title":"Herba Sana - Topiaires","robots":{"index":"index","follow":"follow","max-snippet":"max-snippet:-1","max-image-preview":"max-image-preview:large","max-video-preview":"max-video-preview:-1"},"canonical":"https:\/\/topiaires.be\/nl\/herba-sana\/","og_locale":"nl_NL","og_type":"article","og_title":"Herba Sana - Topiaires","og_description":"Les topiaires &#8220;Herba Sana&#8221; VISITEZ LE JARDIN DE LA SANTE &#8220;HERBA SANA\u00a0!&#8221; le jardin de l\u2019herboriste, un jardin m\u00e9dicinal en voyage Depuis plus de 15 ans les Laboratoires Ortis disposent au c\u0153ur des Hautes Fagnes d\u2019un jardin didactique d\u00e9di\u00e9 aux plantes m\u00e9dicinales. Ortis a cr\u00e9\u00e9 et con\u00e7u ce jardin afin de sensibiliser un large public [&hellip;]","og_url":"https:\/\/topiaires.be\/nl\/herba-sana\/","og_site_name":"Topiaires","article_publisher":"https:\/\/www.facebook.com\/parcdestopiaires\/?locale=fr_FR","article_modified_time":"2024-02-12T17:48:23+00:00","og_image":[{"width":750,"height":561,"url":"https:\/\/topiaires.be\/wp-content\/uploads\/2023\/04\/image4696606966361348741.jpg","type":"image\/jpeg"}],"twitter_card":"summary_large_image","twitter_misc":{"Geschatte leestijd":"1 minuut"},"schema":{"@context":"https:\/\/schema.org","@graph":[{"@type":"WebPage","@id":"https:\/\/topiaires.be\/nl\/herba-sana\/","url":"https:\/\/topiaires.be\/nl\/herba-sana\/","name":"Herba Sana - Topiaires","isPartOf":{"@id":"https:\/\/topiaires.be\/#website"},"datePublished":"2023-05-01T13:30:30+00:00","dateModified":"2024-02-12T17:48:23+00:00","breadcrumb":{"@id":"https:\/\/topiaires.be\/nl\/herba-sana\/#breadcrumb"},"inLanguage":"nl-NL","potentialAction":[{"@type":"ReadAction","target":["https:\/\/topiaires.be\/nl\/herba-sana\/"]}]},{"@type":"BreadcrumbList","@id":"https:\/\/topiaires.be\/nl\/herba-sana\/#breadcrumb","itemListElement":[{"@type":"ListItem","position":1,"name":"Accueil","item":"https:\/\/topiaires.be\/nl\/"},{"@type":"ListItem","position":2,"name":"Herba Sana"}]},{"@type":"WebSite","@id":"https:\/\/topiaires.be\/#website","url":"https:\/\/topiaires.be\/","name":"Parc des Topiaires de Durbuy","description":"Parc des Topiaires de Durbuy","publisher":{"@id":"https:\/\/topiaires.be\/#organization"},"alternateName":"Topiaires","potentialAction":[{"@type":"SearchAction","target":{"@type":"EntryPoint","urlTemplate":"https:\/\/topiaires.be\/?s={search_term_string}"},"query-input":{"@type":"PropertyValueSpecification","valueRequired":true,"valueName":"search_term_string"}}],"inLanguage":"nl-NL"},{"@type":"Organization","@id":"https:\/\/topiaires.be\/#organization","name":"Parc des topiaires de Durbuy","url":"https:\/\/topiaires.be\/","logo":{"@type":"ImageObject","inLanguage":"nl-NL","@id":"https:\/\/topiaires.be\/#\/schema\/logo\/image\/","url":"http:\/\/topiaires.be\/wp-content\/uploads\/2023\/04\/topiaires.be_logo.svg","contentUrl":"http:\/\/topiaires.be\/wp-content\/uploads\/2023\/04\/topiaires.be_logo.svg","width":140,"height":100,"caption":"Parc des topiaires de Durbuy"},"image":{"@id":"https:\/\/topiaires.be\/#\/schema\/logo\/image\/"},"sameAs":["https:\/\/www.facebook.com\/parcdestopiaires\/?locale=fr_FR"]}]}},"_links":{"self":[{"href":"https:\/\/topiaires.be\/nl\/wp-json\/wp\/v2\/pages\/18040","targetHints":{"allow":["GET"]}}],"collection":[{"href":"https:\/\/topiaires.be\/nl\/wp-json\/wp\/v2\/pages"}],"about":[{"href":"https:\/\/topiaires.be\/nl\/wp-json\/wp\/v2\/types\/page"}],"author":[{"embeddable":true,"href":"https:\/\/topiaires.be\/nl\/wp-json\/wp\/v2\/users\/1"}],"replies":[{"embeddable":true,"href":"https:\/\/topiaires.be\/nl\/wp-json\/wp\/v2\/comments?post=18040"}],"version-history":[{"count":11,"href":"https:\/\/topiaires.be\/nl\/wp-json\/wp\/v2\/pages\/18040\/revisions"}],"predecessor-version":[{"id":19403,"href":"https:\/\/topiaires.be\/nl\/wp-json\/wp\/v2\/pages\/18040\/revisions\/19403"}],"wp:attachment":[{"href":"https:\/\/topiaires.be\/nl\/wp-json\/wp\/v2\/media?parent=18040"}],"curies":[{"name":"wp","href":"https:\/\/api.w.org\/{rel}","templated":true}]}}