{"id":18022,"date":"2018-12-06T08:16:39","date_gmt":"2018-12-06T07:16:39","guid":{"rendered":"https:\/\/www.topiaires.be\/politique-de-vie-privee-confidentialite\/"},"modified":"2023-06-12T14:04:26","modified_gmt":"2023-06-12T12:04:26","slug":"privacy-en-vertrouwelijkheid","status":"publish","type":"page","link":"https:\/\/topiaires.be\/nl\/privacy-en-vertrouwelijkheid\/","title":{"rendered":"Privacybeleid"},"content":{"rendered":"\t\t<div data-elementor-type=\"wp-page\" data-elementor-id=\"18022\" class=\"elementor elementor-18022 elementor-3\" data-elementor-post-type=\"page\">\n\t\t\t\t\t\t<section class=\"elementor-section elementor-top-section elementor-element elementor-element-42bb1bf1 elementor-section-boxed elementor-section-height-default elementor-section-height-default\" data-id=\"42bb1bf1\" data-element_type=\"section\" data-e-type=\"section\">\n\t\t\t\t\t\t<div class=\"elementor-container elementor-column-gap-default\">\n\t\t\t\t\t<div class=\"elementor-column elementor-col-100 elementor-top-column elementor-element elementor-element-2902745d\" data-id=\"2902745d\" data-element_type=\"column\" data-e-type=\"column\">\n\t\t\t<div class=\"elementor-widget-wrap elementor-element-populated\">\n\t\t\t\t\t\t<div class=\"elementor-element elementor-element-1e825fe6 elementor-widget__width-initial elementor-widget elementor-widget-text-editor\" data-id=\"1e825fe6\" data-element_type=\"widget\" data-e-type=\"widget\" data-widget_type=\"text-editor.default\">\n\t\t\t\t<div class=\"elementor-widget-container\">\n\t\t\t\t\t\t\t\t\t<p><strong>Politique de confidentialit\u00e9<\/strong><br \/><strong>Derni\u00e8re mise \u00e0 jour le 15 mai 2023<\/strong><br \/><strong>Date d&#8217;entr\u00e9e en vigueur 15 mai 2023<\/strong><\/p>\n<p>Cette politique de confidentialit\u00e9 d\u00e9crit les politiques de vie priv\u00e9e pour le site web les topiaires de Ville de Durbuy &#8211; Topaires.be, Rue Haie Himbe, 1 6940 B-Durbuy, Luxembourg 6940, Belgique, email : info@topiaires.be, t\u00e9l\u00e9phone : +32086219.075 sur la collecte, l&#8217;utilisation et la divulgation de vos informations que nous collectons lorsque vous utilisez notre site internet ( https:\/\/www.topaires.be ). (le service&#8221;).<\/p>\n<p>En acc\u00e9dant ou en utilisant le Service, vous consentez \u00e0 la collecte, \u00e0 l&#8217;utilisation et \u00e0 la divulgation de vos informations conform\u00e9ment \u00e0 la pr\u00e9sente Politique de confidentialit\u00e9. Si vous ne consentez pas \u00e0 la m\u00eame chose, veuillez ne pas acc\u00e9der ou utiliser le Service.Nous pouvons modifier cette politique de confidentialit\u00e9 \u00e0 tout moment sans pr\u00e9avis et publierons la politique de confidentialit\u00e9 r\u00e9vis\u00e9e sur le service. La politique r\u00e9vis\u00e9e entrera en vigueur 180 jours \u00e0 compter de la publication de la politique r\u00e9vis\u00e9e dans le service et votre acc\u00e8s ou utilisation continus du service apr\u00e8s cette p\u00e9riode constituera votre acceptation de la politique de confidentialit\u00e9 r\u00e9vis\u00e9e. Nous vous recommandons donc de consulter p\u00e9riodiquement cette page.<\/p>\n<p><strong>Informations que nous recueillons<\/strong><\/p>\n<p>Nous collecterons et traiterons les informations personnelles suivantes vous concernant :<\/p>\n<p><strong>Nom<\/strong><br \/><strong>E-mail<\/strong><br \/><strong>Mobile<\/strong><\/p>\n<p><strong>Conservation de vos informations <\/strong><\/p>\n<p>Nous conserverons vos informations personnelles avec nous pendant 90 jours \u00e0 2 ans apr\u00e8s que les utilisateurs ont r\u00e9sili\u00e9 leurs comptes ou aussi longtemps que nous en aurons besoin pour remplir les objectifs pour lesquels elles ont \u00e9t\u00e9 collect\u00e9es, comme indiqu\u00e9 dans la pr\u00e9sente politique de confidentialit\u00e9. Nous pouvons \u00eatre amen\u00e9s \u00e0 conserver certaines informations pendant des p\u00e9riodes plus longues telles que la tenue de registres\/rapports conform\u00e9ment \u00e0 la loi applicable ou pour d&#8217;autres raisons l\u00e9gitimes telles que l&#8217;application des droits l\u00e9gaux, la pr\u00e9vention de la fraude, etc. Les informations anonymes r\u00e9siduelles et les informations agr\u00e9g\u00e9es, qui ne vous identifient pas (directement ou indirectement), peuvent \u00eatre stock\u00e9es ind\u00e9finiment.<\/p>\n<p><strong>Vos droits<\/strong><\/p>\n<p>Selon la loi applicable, vous pouvez avoir un droit d&#8217;acc\u00e8s et de rectification ou d&#8217;effacement de vos donn\u00e9es personnelles ou recevoir une copie de vos donn\u00e9es personnelles, restreindre ou vous opposer au traitement actif de vos donn\u00e9es, nous demander de partager (porter) vos donn\u00e9es personnelles informations \u00e0 une autre entit\u00e9, retirer tout consentement que vous nous avez fourni pour traiter vos donn\u00e9es, un droit de d\u00e9poser une plainte aupr\u00e8s d&#8217;une autorit\u00e9 statutaire et tout autre droit qui peut \u00eatre pertinent en vertu des lois applicables. Pour exercer ces droits, vous pouvez nous \u00e9crire \u00e0 info@topiaires.be. Nous r\u00e9pondrons \u00e0 votre demande conform\u00e9ment \u00e0 la loi applicable.<\/p>\n<p>Vous pouvez vous d\u00e9sinscrire des communications de marketing direct ou du profilage que nous effectuons \u00e0 des fins de marketing en nous \u00e9crivant \u00e0 info@topiaires.be.<\/p>\n<p>Notez que si vous ne nous autorisez pas \u00e0 collecter ou \u00e0 traiter les informations personnelles requises ou si vous retirez le consentement \u00e0 les traiter aux fins requises, vous ne pourrez peut-\u00eatre pas acc\u00e9der ou utiliser les services pour lesquels vos informations ont \u00e9t\u00e9 recherch\u00e9es.<\/p>\n<p><strong>Cookies<\/strong><\/p>\n<p>Pour en savoir plus sur la fa\u00e7on dont nous les utilisons et sur vos choix par rapport \u00e0 ces technologies de suivi, veuillez vous r\u00e9f\u00e9rer \u00e0 notre politique en mati\u00e8re de cookies.<\/p>\n<p><strong>S\u00e9curit\u00e9<\/strong><\/p>\n<p>La s\u00e9curit\u00e9 de vos informations est importante pour nous et nous utiliserons des mesures de s\u00e9curit\u00e9 raisonnables pour emp\u00eacher la perte, l&#8217;utilisation abusive ou la modification non autoris\u00e9e de vos informations sous notre contr\u00f4le. Cependant, compte tenu des risques inh\u00e9rents, nous ne pouvons garantir une s\u00e9curit\u00e9 absolue et par cons\u00e9quent, nous ne pouvons assurer ou garantir la s\u00e9curit\u00e9 des informations que vous nous transmettez et vous le faites \u00e0 vos risques et p\u00e9rils.<\/p>\n<p><strong>Grief \/ D\u00e9l\u00e9gu\u00e9 \u00e0 la protection des donn\u00e9es <\/strong><\/p>\n<p>Si vous avez des questions ou des pr\u00e9occupations concernant le traitement de vos informations disponibles chez nous, vous pouvez envoyer un e-mail \u00e0 notre responsable des r\u00e9clamations \u00e0 Ville de Durbuy &#8211; Topaires.be, Rue Haie Himbe, 1 6940 B-Durbuy, e-mail : info@topiaires.<\/p>\n<p>Nous r\u00e9pondrons \u00e0 vos pr\u00e9occupations conform\u00e9ment \u00e0 la loi applicable.<\/p>\n<p>Politique de confidentialit\u00e9 g\u00e9n\u00e9r\u00e9e avec CookieYes.<\/p>\n\t\t\t\t\t\t\t\t<\/div>\n\t\t\t\t<\/div>\n\t\t\t\t\t<\/div>\n\t\t<\/div>\n\t\t\t\t\t<\/div>\n\t\t<\/section>\n\t\t\t\t<\/div>\n\t\t","protected":false},"excerpt":{"rendered":"<p>Politique de confidentialit\u00e9Derni\u00e8re mise \u00e0 jour le 15 mai 2023Date d&#8217;entr\u00e9e en vigueur 15 mai 2023 Cette politique de confidentialit\u00e9 d\u00e9crit les politiques de vie priv\u00e9e pour le site web les topiaires de Ville de Durbuy &#8211; Topaires.be, Rue Haie Himbe, 1 6940 B-Durbuy, Luxembourg 6940, Belgique, email : info@topiaires.be, t\u00e9l\u00e9phone : +32086219.075 sur la [&hellip;]<\/p>\n","protected":false},"author":1,"featured_media":0,"parent":0,"menu_order":0,"comment_status":"closed","ping_status":"open","template":"","meta":{"footnotes":""},"class_list":["post-18022","page","type-page","status-publish","hentry"],"yoast_head":"<!-- This site is optimized with the Yoast SEO plugin v26.4 - https:\/\/yoast.com\/wordpress\/plugins\/seo\/ -->\n<title>Privacybeleid - Topiaires<\/title>\n<meta name=\"robots\" content=\"index, follow, max-snippet:-1, max-image-preview:large, max-video-preview:-1\" \/>\n<link rel=\"canonical\" href=\"https:\/\/topiaires.be\/nl\/privacy-en-vertrouwelijkheid\/\" \/>\n<meta property=\"og:locale\" content=\"nl_NL\" \/>\n<meta property=\"og:type\" content=\"article\" \/>\n<meta property=\"og:title\" content=\"Privacybeleid - Topiaires\" \/>\n<meta property=\"og:description\" content=\"Politique de confidentialit\u00e9Derni\u00e8re mise \u00e0 jour le 15 mai 2023Date d&#8217;entr\u00e9e en vigueur 15 mai 2023 Cette politique de confidentialit\u00e9 d\u00e9crit les politiques de vie priv\u00e9e pour le site web les topiaires de Ville de Durbuy &#8211; Topaires.be, Rue Haie Himbe, 1 6940 B-Durbuy, Luxembourg 6940, Belgique, email : info@topiaires.be, t\u00e9l\u00e9phone : +32086219.075 sur la [&hellip;]\" \/>\n<meta property=\"og:url\" content=\"https:\/\/topiaires.be\/nl\/privacy-en-vertrouwelijkheid\/\" \/>\n<meta property=\"og:site_name\" content=\"Topiaires\" \/>\n<meta property=\"article:publisher\" content=\"https:\/\/www.facebook.com\/parcdestopiaires\/?locale=fr_FR\" \/>\n<meta property=\"article:modified_time\" content=\"2023-06-12T12:04:26+00:00\" \/>\n<meta property=\"og:image\" content=\"https:\/\/topiaires.be\/wp-content\/uploads\/2023\/04\/image4696606966361348741.jpg\" \/>\n\t<meta property=\"og:image:width\" content=\"750\" \/>\n\t<meta property=\"og:image:height\" content=\"561\" \/>\n\t<meta property=\"og:image:type\" content=\"image\/jpeg\" \/>\n<meta name=\"twitter:card\" content=\"summary_large_image\" \/>\n<meta name=\"twitter:label1\" content=\"Geschatte leestijd\" \/>\n\t<meta name=\"twitter:data1\" content=\"4 minuten\" \/>\n<script type=\"application\/ld+json\" class=\"yoast-schema-graph\">{\"@context\":\"https:\/\/schema.org\",\"@graph\":[{\"@type\":\"WebPage\",\"@id\":\"https:\/\/topiaires.be\/nl\/privacy-en-vertrouwelijkheid\/\",\"url\":\"https:\/\/topiaires.be\/nl\/privacy-en-vertrouwelijkheid\/\",\"name\":\"Privacybeleid - Topiaires\",\"isPartOf\":{\"@id\":\"https:\/\/topiaires.be\/en\/#website\"},\"datePublished\":\"2018-12-06T07:16:39+00:00\",\"dateModified\":\"2023-06-12T12:04:26+00:00\",\"breadcrumb\":{\"@id\":\"https:\/\/topiaires.be\/nl\/privacy-en-vertrouwelijkheid\/#breadcrumb\"},\"inLanguage\":\"nl-NL\",\"potentialAction\":[{\"@type\":\"ReadAction\",\"target\":[\"https:\/\/topiaires.be\/nl\/privacy-en-vertrouwelijkheid\/\"]}]},{\"@type\":\"BreadcrumbList\",\"@id\":\"https:\/\/topiaires.be\/nl\/privacy-en-vertrouwelijkheid\/#breadcrumb\",\"itemListElement\":[{\"@type\":\"ListItem\",\"position\":1,\"name\":\"Accueil\",\"item\":\"https:\/\/topiaires.be\/nl\/\"},{\"@type\":\"ListItem\",\"position\":2,\"name\":\"Privacybeleid\"}]},{\"@type\":\"WebSite\",\"@id\":\"https:\/\/topiaires.be\/en\/#website\",\"url\":\"https:\/\/topiaires.be\/en\/\",\"name\":\"Parc des Topiaires de Durbuy\",\"description\":\"Parc des Topiaires de Durbuy\",\"publisher\":{\"@id\":\"https:\/\/topiaires.be\/en\/#organization\"},\"alternateName\":\"Topiaires\",\"potentialAction\":[{\"@type\":\"SearchAction\",\"target\":{\"@type\":\"EntryPoint\",\"urlTemplate\":\"https:\/\/topiaires.be\/en\/?s={search_term_string}\"},\"query-input\":{\"@type\":\"PropertyValueSpecification\",\"valueRequired\":true,\"valueName\":\"search_term_string\"}}],\"inLanguage\":\"nl-NL\"},{\"@type\":\"Organization\",\"@id\":\"https:\/\/topiaires.be\/en\/#organization\",\"name\":\"Parc des topiaires de Durbuy\",\"url\":\"https:\/\/topiaires.be\/en\/\",\"logo\":{\"@type\":\"ImageObject\",\"inLanguage\":\"nl-NL\",\"@id\":\"https:\/\/topiaires.be\/en\/#\/schema\/logo\/image\/\",\"url\":\"http:\/\/topiaires.be\/wp-content\/uploads\/2023\/04\/topiaires.be_logo.svg\",\"contentUrl\":\"http:\/\/topiaires.be\/wp-content\/uploads\/2023\/04\/topiaires.be_logo.svg\",\"width\":140,\"height\":100,\"caption\":\"Parc des topiaires de Durbuy\"},\"image\":{\"@id\":\"https:\/\/topiaires.be\/en\/#\/schema\/logo\/image\/\"},\"sameAs\":[\"https:\/\/www.facebook.com\/parcdestopiaires\/?locale=fr_FR\"]}]}<\/script>\n<!-- \/ Yoast SEO plugin. -->","yoast_head_json":{"title":"Privacybeleid - Topiaires","robots":{"index":"index","follow":"follow","max-snippet":"max-snippet:-1","max-image-preview":"max-image-preview:large","max-video-preview":"max-video-preview:-1"},"canonical":"https:\/\/topiaires.be\/nl\/privacy-en-vertrouwelijkheid\/","og_locale":"nl_NL","og_type":"article","og_title":"Privacybeleid - Topiaires","og_description":"Politique de confidentialit\u00e9Derni\u00e8re mise \u00e0 jour le 15 mai 2023Date d&#8217;entr\u00e9e en vigueur 15 mai 2023 Cette politique de confidentialit\u00e9 d\u00e9crit les politiques de vie priv\u00e9e pour le site web les topiaires de Ville de Durbuy &#8211; Topaires.be, Rue Haie Himbe, 1 6940 B-Durbuy, Luxembourg 6940, Belgique, email : info@topiaires.be, t\u00e9l\u00e9phone : +32086219.075 sur la [&hellip;]","og_url":"https:\/\/topiaires.be\/nl\/privacy-en-vertrouwelijkheid\/","og_site_name":"Topiaires","article_publisher":"https:\/\/www.facebook.com\/parcdestopiaires\/?locale=fr_FR","article_modified_time":"2023-06-12T12:04:26+00:00","og_image":[{"width":750,"height":561,"url":"https:\/\/topiaires.be\/wp-content\/uploads\/2023\/04\/image4696606966361348741.jpg","type":"image\/jpeg"}],"twitter_card":"summary_large_image","twitter_misc":{"Geschatte leestijd":"4 minuten"},"schema":{"@context":"https:\/\/schema.org","@graph":[{"@type":"WebPage","@id":"https:\/\/topiaires.be\/nl\/privacy-en-vertrouwelijkheid\/","url":"https:\/\/topiaires.be\/nl\/privacy-en-vertrouwelijkheid\/","name":"Privacybeleid - Topiaires","isPartOf":{"@id":"https:\/\/topiaires.be\/en\/#website"},"datePublished":"2018-12-06T07:16:39+00:00","dateModified":"2023-06-12T12:04:26+00:00","breadcrumb":{"@id":"https:\/\/topiaires.be\/nl\/privacy-en-vertrouwelijkheid\/#breadcrumb"},"inLanguage":"nl-NL","potentialAction":[{"@type":"ReadAction","target":["https:\/\/topiaires.be\/nl\/privacy-en-vertrouwelijkheid\/"]}]},{"@type":"BreadcrumbList","@id":"https:\/\/topiaires.be\/nl\/privacy-en-vertrouwelijkheid\/#breadcrumb","itemListElement":[{"@type":"ListItem","position":1,"name":"Accueil","item":"https:\/\/topiaires.be\/nl\/"},{"@type":"ListItem","position":2,"name":"Privacybeleid"}]},{"@type":"WebSite","@id":"https:\/\/topiaires.be\/en\/#website","url":"https:\/\/topiaires.be\/en\/","name":"Parc des Topiaires de Durbuy","description":"Parc des Topiaires de Durbuy","publisher":{"@id":"https:\/\/topiaires.be\/en\/#organization"},"alternateName":"Topiaires","potentialAction":[{"@type":"SearchAction","target":{"@type":"EntryPoint","urlTemplate":"https:\/\/topiaires.be\/en\/?s={search_term_string}"},"query-input":{"@type":"PropertyValueSpecification","valueRequired":true,"valueName":"search_term_string"}}],"inLanguage":"nl-NL"},{"@type":"Organization","@id":"https:\/\/topiaires.be\/en\/#organization","name":"Parc des topiaires de Durbuy","url":"https:\/\/topiaires.be\/en\/","logo":{"@type":"ImageObject","inLanguage":"nl-NL","@id":"https:\/\/topiaires.be\/en\/#\/schema\/logo\/image\/","url":"http:\/\/topiaires.be\/wp-content\/uploads\/2023\/04\/topiaires.be_logo.svg","contentUrl":"http:\/\/topiaires.be\/wp-content\/uploads\/2023\/04\/topiaires.be_logo.svg","width":140,"height":100,"caption":"Parc des topiaires de Durbuy"},"image":{"@id":"https:\/\/topiaires.be\/en\/#\/schema\/logo\/image\/"},"sameAs":["https:\/\/www.facebook.com\/parcdestopiaires\/?locale=fr_FR"]}]}},"_links":{"self":[{"href":"https:\/\/topiaires.be\/nl\/wp-json\/wp\/v2\/pages\/18022","targetHints":{"allow":["GET"]}}],"collection":[{"href":"https:\/\/topiaires.be\/nl\/wp-json\/wp\/v2\/pages"}],"about":[{"href":"https:\/\/topiaires.be\/nl\/wp-json\/wp\/v2\/types\/page"}],"author":[{"embeddable":true,"href":"https:\/\/topiaires.be\/nl\/wp-json\/wp\/v2\/users\/1"}],"replies":[{"embeddable":true,"href":"https:\/\/topiaires.be\/nl\/wp-json\/wp\/v2\/comments?post=18022"}],"version-history":[{"count":5,"href":"https:\/\/topiaires.be\/nl\/wp-json\/wp\/v2\/pages\/18022\/revisions"}],"predecessor-version":[{"id":19010,"href":"https:\/\/topiaires.be\/nl\/wp-json\/wp\/v2\/pages\/18022\/revisions\/19010"}],"wp:attachment":[{"href":"https:\/\/topiaires.be\/nl\/wp-json\/wp\/v2\/media?parent=18022"}],"curies":[{"name":"wp","href":"https:\/\/api.w.org\/{rel}","templated":true}]}}