{"id":18071,"date":"2023-05-01T15:42:13","date_gmt":"2023-05-01T13:42:13","guid":{"rendered":"https:\/\/www.topiaires.be\/le-jardin-du-bien-etre\/"},"modified":"2023-08-07T19:28:18","modified_gmt":"2023-08-07T17:28:18","slug":"the-garden-of-well-being","status":"publish","type":"page","link":"https:\/\/topiaires.be\/en\/the-garden-of-well-being\/","title":{"rendered":"Le Jardin du bien-\u00eatre"},"content":{"rendered":"\t\t<div data-elementor-type=\"wp-page\" data-elementor-id=\"18071\" class=\"elementor elementor-18071 elementor-15129\" data-elementor-post-type=\"page\">\n\t\t\t\t\t\t<section class=\"elementor-section elementor-top-section elementor-element elementor-element-77fcb71d elementor-section-content-middle elementor-reverse-tablet elementor-section-boxed elementor-section-height-default elementor-section-height-default\" data-id=\"77fcb71d\" data-element_type=\"section\" data-e-type=\"section\">\n\t\t\t\t\t\t<div class=\"elementor-container elementor-column-gap-default\">\n\t\t\t\t\t<div class=\"elementor-column elementor-col-50 elementor-top-column elementor-element elementor-element-42d4c749\" data-id=\"42d4c749\" data-element_type=\"column\" data-e-type=\"column\">\n\t\t\t<div class=\"elementor-widget-wrap elementor-element-populated\">\n\t\t\t\t\t\t<div class=\"elementor-element elementor-element-1c2e0484 elementor-widget elementor-widget-ube-heading\" data-id=\"1c2e0484\" data-element_type=\"widget\" data-e-type=\"widget\" data-widget_type=\"ube-heading.default\">\n\t\t\t\t<div class=\"elementor-widget-container\">\n\t\t\t\t\t<div class=\"ube-heading\">\n\t<h6 class=\"ube-heading-sub-title\" >Les topiaires<\/h6><h2 class=\"ube-heading-title\">Le Jardin du bien-\u00eatre<\/h2><div class=\"ube-heading-description\">Le jardin du bien-\u00eatre et des plantes m\u00e9dicinales au parc des topiaires de Durbuy est un endroit enchanteur o\u00f9 les visiteurs peuvent se d\u00e9tendre et se ressourcer en se connectant avec la nature. Ce jardin abrite une vaste s\u00e9lection de plantes m\u00e9dicinales, allant des plantes aromatiques aux herbes curatives utilis\u00e9es en phytoth\u00e9rapie.<br><br>Les all\u00e9es du jardin sont bord\u00e9es de plantes odorantes. Les visiteurs peuvent \u00e9galement en apprendre davantage sur les diff\u00e9rentes plantes m\u00e9dicinales en lisant les panneaux informatifs plac\u00e9s tout au long du jardin.<br><br>De plus, le jardin du bien-\u00eatre et des plantes m\u00e9dicinales offre une magnifique vue sur les collines environnantes, ce qui en fait un endroit id\u00e9al pour se d\u00e9tendre et se ressourcer. Les visiteurs peuvent \u00e9galement acheter des produits \u00e0 base de plantes fra\u00eeches ou s\u00e9ch\u00e9es \u00e0 la boutique de souvenirs situ\u00e9e \u00e0 proximit\u00e9 du jardin.<\/div><\/div>\t\t\t\t<\/div>\n\t\t\t\t<\/div>\n\t\t\t\t\t<\/div>\n\t\t<\/div>\n\t\t\t\t<div class=\"elementor-column elementor-col-50 elementor-top-column elementor-element elementor-element-41e23806\" data-id=\"41e23806\" data-element_type=\"column\" data-e-type=\"column\">\n\t\t\t<div class=\"elementor-widget-wrap elementor-element-populated\">\n\t\t\t\t\t\t<div class=\"elementor-element elementor-element-2559d9de elementor-align-left elementor-widget elementor-widget-ube-banner\" data-id=\"2559d9de\" data-element_type=\"widget\" data-e-type=\"widget\" data-widget_type=\"ube-banner.default\">\n\t\t\t\t<div class=\"elementor-widget-container\">\n\t\t\t\t\t    <div class=\"ube-banner ube-banner-layout-03 ube-banner-has-effect ube-banner-effect-flash ube-banner-effect-img-zoom-in\">\n        <div class=\"ube-banner-image\">\n\t\t\t                <a href=\"#\">\n                <\/a>\n\t\t\t            <div class=\"ube-banner-bg\" style=\"padding-bottom:56.25%;background-image : url(https:\/\/www.topiaires.be\/wp-content\/uploads\/2023\/05\/topiaires_bienetre.jpg)\">\n            <\/div>\n        <\/div>\n        <div class=\"ube-banner-content\">\n\t\t\t\t\t\t\t\t\t\t\t\t\t\t\t\t\t\t\t\t\t        <\/div>\n    <\/div>\n\t\t\t\t<\/div>\n\t\t\t\t<\/div>\n\t\t\t\t\t<\/div>\n\t\t<\/div>\n\t\t\t\t\t<\/div>\n\t\t<\/section>\n\t\t\t\t<\/div>\n\t\t","protected":false},"excerpt":{"rendered":"<p>Les topiaires Le Jardin du bien-\u00eatre Le jardin du bien-\u00eatre et des plantes m\u00e9dicinales au parc des topiaires de Durbuy est un endroit enchanteur o\u00f9 les visiteurs peuvent se d\u00e9tendre et se ressourcer en se connectant avec la nature. Ce jardin abrite une vaste s\u00e9lection de plantes m\u00e9dicinales, allant des plantes aromatiques aux herbes curatives [&hellip;]<\/p>\n","protected":false},"author":1,"featured_media":0,"parent":0,"menu_order":0,"comment_status":"closed","ping_status":"closed","template":"","meta":{"footnotes":""},"class_list":["post-18071","page","type-page","status-publish","hentry"],"yoast_head":"<!-- This site is optimized with the Yoast SEO plugin v27.5 - https:\/\/yoast.com\/product\/yoast-seo-wordpress\/ -->\n<title>Le Jardin du bien-\u00eatre - Topiaires<\/title>\n<meta name=\"robots\" content=\"index, follow, max-snippet:-1, max-image-preview:large, max-video-preview:-1\" \/>\n<link rel=\"canonical\" href=\"https:\/\/topiaires.be\/en\/the-garden-of-well-being\/\" \/>\n<meta property=\"og:locale\" content=\"en_US\" \/>\n<meta property=\"og:type\" content=\"article\" \/>\n<meta property=\"og:title\" content=\"Le Jardin du bien-\u00eatre - Topiaires\" \/>\n<meta property=\"og:description\" content=\"Les topiaires Le Jardin du bien-\u00eatre Le jardin du bien-\u00eatre et des plantes m\u00e9dicinales au parc des topiaires de Durbuy est un endroit enchanteur o\u00f9 les visiteurs peuvent se d\u00e9tendre et se ressourcer en se connectant avec la nature. Ce jardin abrite une vaste s\u00e9lection de plantes m\u00e9dicinales, allant des plantes aromatiques aux herbes curatives [&hellip;]\" \/>\n<meta property=\"og:url\" content=\"https:\/\/topiaires.be\/en\/the-garden-of-well-being\/\" \/>\n<meta property=\"og:site_name\" content=\"Topiaires\" \/>\n<meta property=\"article:publisher\" content=\"https:\/\/www.facebook.com\/parcdestopiaires\/?locale=fr_FR\" \/>\n<meta property=\"article:modified_time\" content=\"2023-08-07T17:28:18+00:00\" \/>\n<meta property=\"og:image\" content=\"https:\/\/topiaires.be\/wp-content\/uploads\/2023\/04\/image4696606966361348741.jpg\" \/>\n\t<meta property=\"og:image:width\" content=\"750\" \/>\n\t<meta property=\"og:image:height\" content=\"561\" \/>\n\t<meta property=\"og:image:type\" content=\"image\/jpeg\" \/>\n<meta name=\"twitter:card\" content=\"summary_large_image\" \/>\n<meta name=\"twitter:label1\" content=\"Est. reading time\" \/>\n\t<meta name=\"twitter:data1\" content=\"1 minute\" \/>\n<script type=\"application\/ld+json\" class=\"yoast-schema-graph\">{\"@context\":\"https:\\\/\\\/schema.org\",\"@graph\":[{\"@type\":\"WebPage\",\"@id\":\"https:\\\/\\\/topiaires.be\\\/en\\\/the-garden-of-well-being\\\/\",\"url\":\"https:\\\/\\\/topiaires.be\\\/en\\\/the-garden-of-well-being\\\/\",\"name\":\"Le Jardin du bien-\u00eatre - Topiaires\",\"isPartOf\":{\"@id\":\"https:\\\/\\\/topiaires.be\\\/#website\"},\"datePublished\":\"2023-05-01T13:42:13+00:00\",\"dateModified\":\"2023-08-07T17:28:18+00:00\",\"breadcrumb\":{\"@id\":\"https:\\\/\\\/topiaires.be\\\/en\\\/the-garden-of-well-being\\\/#breadcrumb\"},\"inLanguage\":\"en-US\",\"potentialAction\":[{\"@type\":\"ReadAction\",\"target\":[\"https:\\\/\\\/topiaires.be\\\/en\\\/the-garden-of-well-being\\\/\"]}]},{\"@type\":\"BreadcrumbList\",\"@id\":\"https:\\\/\\\/topiaires.be\\\/en\\\/the-garden-of-well-being\\\/#breadcrumb\",\"itemListElement\":[{\"@type\":\"ListItem\",\"position\":1,\"name\":\"Accueil\",\"item\":\"https:\\\/\\\/topiaires.be\\\/en\\\/\"},{\"@type\":\"ListItem\",\"position\":2,\"name\":\"Le Jardin du bien-\u00eatre\"}]},{\"@type\":\"WebSite\",\"@id\":\"https:\\\/\\\/topiaires.be\\\/#website\",\"url\":\"https:\\\/\\\/topiaires.be\\\/\",\"name\":\"Parc des Topiaires de Durbuy\",\"description\":\"Parc des Topiaires de Durbuy\",\"publisher\":{\"@id\":\"https:\\\/\\\/topiaires.be\\\/#organization\"},\"alternateName\":\"Topiaires\",\"potentialAction\":[{\"@type\":\"SearchAction\",\"target\":{\"@type\":\"EntryPoint\",\"urlTemplate\":\"https:\\\/\\\/topiaires.be\\\/?s={search_term_string}\"},\"query-input\":{\"@type\":\"PropertyValueSpecification\",\"valueRequired\":true,\"valueName\":\"search_term_string\"}}],\"inLanguage\":\"en-US\"},{\"@type\":\"Organization\",\"@id\":\"https:\\\/\\\/topiaires.be\\\/#organization\",\"name\":\"Parc des topiaires de Durbuy\",\"url\":\"https:\\\/\\\/topiaires.be\\\/\",\"logo\":{\"@type\":\"ImageObject\",\"inLanguage\":\"en-US\",\"@id\":\"https:\\\/\\\/topiaires.be\\\/#\\\/schema\\\/logo\\\/image\\\/\",\"url\":\"http:\\\/\\\/topiaires.be\\\/wp-content\\\/uploads\\\/2023\\\/04\\\/topiaires.be_logo.svg\",\"contentUrl\":\"http:\\\/\\\/topiaires.be\\\/wp-content\\\/uploads\\\/2023\\\/04\\\/topiaires.be_logo.svg\",\"width\":140,\"height\":100,\"caption\":\"Parc des topiaires de Durbuy\"},\"image\":{\"@id\":\"https:\\\/\\\/topiaires.be\\\/#\\\/schema\\\/logo\\\/image\\\/\"},\"sameAs\":[\"https:\\\/\\\/www.facebook.com\\\/parcdestopiaires\\\/?locale=fr_FR\"]}]}<\/script>\n<!-- \/ Yoast SEO plugin. -->","yoast_head_json":{"title":"Le Jardin du bien-\u00eatre - Topiaires","robots":{"index":"index","follow":"follow","max-snippet":"max-snippet:-1","max-image-preview":"max-image-preview:large","max-video-preview":"max-video-preview:-1"},"canonical":"https:\/\/topiaires.be\/en\/the-garden-of-well-being\/","og_locale":"en_US","og_type":"article","og_title":"Le Jardin du bien-\u00eatre - Topiaires","og_description":"Les topiaires Le Jardin du bien-\u00eatre Le jardin du bien-\u00eatre et des plantes m\u00e9dicinales au parc des topiaires de Durbuy est un endroit enchanteur o\u00f9 les visiteurs peuvent se d\u00e9tendre et se ressourcer en se connectant avec la nature. Ce jardin abrite une vaste s\u00e9lection de plantes m\u00e9dicinales, allant des plantes aromatiques aux herbes curatives [&hellip;]","og_url":"https:\/\/topiaires.be\/en\/the-garden-of-well-being\/","og_site_name":"Topiaires","article_publisher":"https:\/\/www.facebook.com\/parcdestopiaires\/?locale=fr_FR","article_modified_time":"2023-08-07T17:28:18+00:00","og_image":[{"width":750,"height":561,"url":"https:\/\/topiaires.be\/wp-content\/uploads\/2023\/04\/image4696606966361348741.jpg","type":"image\/jpeg"}],"twitter_card":"summary_large_image","twitter_misc":{"Est. reading time":"1 minute"},"schema":{"@context":"https:\/\/schema.org","@graph":[{"@type":"WebPage","@id":"https:\/\/topiaires.be\/en\/the-garden-of-well-being\/","url":"https:\/\/topiaires.be\/en\/the-garden-of-well-being\/","name":"Le Jardin du bien-\u00eatre - Topiaires","isPartOf":{"@id":"https:\/\/topiaires.be\/#website"},"datePublished":"2023-05-01T13:42:13+00:00","dateModified":"2023-08-07T17:28:18+00:00","breadcrumb":{"@id":"https:\/\/topiaires.be\/en\/the-garden-of-well-being\/#breadcrumb"},"inLanguage":"en-US","potentialAction":[{"@type":"ReadAction","target":["https:\/\/topiaires.be\/en\/the-garden-of-well-being\/"]}]},{"@type":"BreadcrumbList","@id":"https:\/\/topiaires.be\/en\/the-garden-of-well-being\/#breadcrumb","itemListElement":[{"@type":"ListItem","position":1,"name":"Accueil","item":"https:\/\/topiaires.be\/en\/"},{"@type":"ListItem","position":2,"name":"Le Jardin du bien-\u00eatre"}]},{"@type":"WebSite","@id":"https:\/\/topiaires.be\/#website","url":"https:\/\/topiaires.be\/","name":"Parc des Topiaires de Durbuy","description":"Parc des Topiaires de Durbuy","publisher":{"@id":"https:\/\/topiaires.be\/#organization"},"alternateName":"Topiaires","potentialAction":[{"@type":"SearchAction","target":{"@type":"EntryPoint","urlTemplate":"https:\/\/topiaires.be\/?s={search_term_string}"},"query-input":{"@type":"PropertyValueSpecification","valueRequired":true,"valueName":"search_term_string"}}],"inLanguage":"en-US"},{"@type":"Organization","@id":"https:\/\/topiaires.be\/#organization","name":"Parc des topiaires de Durbuy","url":"https:\/\/topiaires.be\/","logo":{"@type":"ImageObject","inLanguage":"en-US","@id":"https:\/\/topiaires.be\/#\/schema\/logo\/image\/","url":"http:\/\/topiaires.be\/wp-content\/uploads\/2023\/04\/topiaires.be_logo.svg","contentUrl":"http:\/\/topiaires.be\/wp-content\/uploads\/2023\/04\/topiaires.be_logo.svg","width":140,"height":100,"caption":"Parc des topiaires de Durbuy"},"image":{"@id":"https:\/\/topiaires.be\/#\/schema\/logo\/image\/"},"sameAs":["https:\/\/www.facebook.com\/parcdestopiaires\/?locale=fr_FR"]}]}},"_links":{"self":[{"href":"https:\/\/topiaires.be\/en\/wp-json\/wp\/v2\/pages\/18071","targetHints":{"allow":["GET"]}}],"collection":[{"href":"https:\/\/topiaires.be\/en\/wp-json\/wp\/v2\/pages"}],"about":[{"href":"https:\/\/topiaires.be\/en\/wp-json\/wp\/v2\/types\/page"}],"author":[{"embeddable":true,"href":"https:\/\/topiaires.be\/en\/wp-json\/wp\/v2\/users\/1"}],"replies":[{"embeddable":true,"href":"https:\/\/topiaires.be\/en\/wp-json\/wp\/v2\/comments?post=18071"}],"version-history":[{"count":13,"href":"https:\/\/topiaires.be\/en\/wp-json\/wp\/v2\/pages\/18071\/revisions"}],"predecessor-version":[{"id":19216,"href":"https:\/\/topiaires.be\/en\/wp-json\/wp\/v2\/pages\/18071\/revisions\/19216"}],"wp:attachment":[{"href":"https:\/\/topiaires.be\/en\/wp-json\/wp\/v2\/media?parent=18071"}],"curies":[{"name":"wp","href":"https:\/\/api.w.org\/{rel}","templated":true}]}}