{"id":18055,"date":"2023-05-01T15:07:25","date_gmt":"2023-05-01T13:07:25","guid":{"rendered":"https:\/\/www.topiaires.be\/lart-topiaire\/"},"modified":"2023-08-07T18:39:00","modified_gmt":"2023-08-07T16:39:00","slug":"topiary-art","status":"publish","type":"page","link":"https:\/\/topiaires.be\/en\/topiary-art\/","title":{"rendered":"Topiary art"},"content":{"rendered":"\t\t<div data-elementor-type=\"wp-page\" data-elementor-id=\"18055\" class=\"elementor elementor-18055 elementor-15083\" data-elementor-post-type=\"page\">\n\t\t\t\t\t\t<section class=\"elementor-section elementor-top-section elementor-element elementor-element-3127162c elementor-section-content-middle elementor-reverse-tablet elementor-section-boxed elementor-section-height-default elementor-section-height-default\" data-id=\"3127162c\" data-element_type=\"section\" data-e-type=\"section\" data-settings=\"{&quot;background_background&quot;:&quot;classic&quot;}\">\n\t\t\t\t\t\t<div class=\"elementor-container elementor-column-gap-default\">\n\t\t\t\t\t<div class=\"elementor-column elementor-col-50 elementor-top-column elementor-element elementor-element-11f2f72a\" data-id=\"11f2f72a\" data-element_type=\"column\" data-e-type=\"column\">\n\t\t\t<div class=\"elementor-widget-wrap elementor-element-populated\">\n\t\t\t\t\t\t<div class=\"elementor-element elementor-element-8c8bfb8 elementor-align-left elementor-widget elementor-widget-ube-banner\" data-id=\"8c8bfb8\" data-element_type=\"widget\" data-e-type=\"widget\" data-widget_type=\"ube-banner.default\">\n\t\t\t\t<div class=\"elementor-widget-container\">\n\t\t\t\t\t    <div class=\"ube-banner ube-banner-layout-03 ube-banner-has-effect ube-banner-effect-flash ube-banner-effect-img-zoom-in\">\n        <div class=\"ube-banner-image\">\n\t\t\t            <div class=\"ube-banner-bg\" style=\"padding-bottom:100%;background-image : url(http:\/\/topiaires.be\/wp-content\/uploads\/2023\/08\/Bernard-Guillot\u00a9-FREDERIC-RAEVENS.jpg)\">\n            <\/div>\n        <\/div>\n        <div class=\"ube-banner-content\">\n\t\t\t\t\t\t\t\t\t\t\t\t\t\t\t\t\t\t\t\t\t\t                    <a href=\"#\" class=\"btn ube-banner-btn ube-icon btn-md btn-square btn-secondary\">\n\t\t\t\t\t\t\t\t\t\t\t\tTopiary is an art...\t\t\t\t\t\t                    <\/a>\n\t\t\t\t\t\t\t\t\t\t        <\/div>\n    <\/div>\n\t\t\t\t<\/div>\n\t\t\t\t<\/div>\n\t\t\t\t<div class=\"elementor-element elementor-element-23f3173 elementor-widget elementor-widget-text-editor\" data-id=\"23f3173\" data-element_type=\"widget\" data-e-type=\"widget\" data-widget_type=\"text-editor.default\">\n\t\t\t\t<div class=\"elementor-widget-container\">\n\t\t\t\t\t\t\t\t\t<p>\u00a9 FRE\u0301DE\u0301RIC RAEVENS<\/p>\t\t\t\t\t\t\t\t<\/div>\n\t\t\t\t<\/div>\n\t\t\t\t\t<\/div>\n\t\t<\/div>\n\t\t\t\t<div class=\"elementor-column elementor-col-50 elementor-top-column elementor-element elementor-element-1afc4982\" data-id=\"1afc4982\" data-element_type=\"column\" data-e-type=\"column\">\n\t\t\t<div class=\"elementor-widget-wrap elementor-element-populated\">\n\t\t\t\t\t\t<div class=\"elementor-element elementor-element-150bb03c elementor-widget elementor-widget-ube-heading\" data-id=\"150bb03c\" data-element_type=\"widget\" data-e-type=\"widget\" data-widget_type=\"ube-heading.default\">\n\t\t\t\t<div class=\"elementor-widget-container\">\n\t\t\t\t\t<div class=\"ube-heading\">\n\t<h6 class=\"ube-heading-sub-title\" >Topiary<\/h6><h2 class=\"ube-heading-title\">\" Topiarius \" \n<br>the art of topiary<\/h2><div class=\"ube-heading-description\"><blockquote><h6>The name <strong>TOPIARY<\/strong>\u00a0comes from Roman times.<\/h6><\/blockquote><p>\"<strong>Topiarus<\/strong>\" was in fact the term used by Plinius (62-113 AD) to designate his gardeners. <strong>The art of topiary, the mastery of modelling plant structures, was already practised in the first century AD.<\/strong> Plinius's gardeners were Egyptian and Syrian slaves. They were already carving boxwood clumps bearing their master's initials. The Romans also produced wild animals and mythological figures. The decline of the Roman Empire marked the end of topiary art. It wasn't until the Renaissance that topiary rose from the ashes.<\/p><p>Contrary to popular belief, Buxus sempervirens are not the only plant species used for topiary. Many other plants can be adapted to this type of cultivation: yew, laurel, charcoal, holly, cypress, taxus, etc.<\/p><\/div><\/div>\t\t\t\t<\/div>\n\t\t\t\t<\/div>\n\t\t\t\t\t<\/div>\n\t\t<\/div>\n\t\t\t\t\t<\/div>\n\t\t<\/section>\n\t\t\t\t<section class=\"elementor-section elementor-top-section elementor-element elementor-element-804f118 elementor-section-content-middle elementor-reverse-tablet elementor-hidden-desktop elementor-hidden-tablet elementor-hidden-mobile elementor-section-boxed elementor-section-height-default elementor-section-height-default\" data-id=\"804f118\" data-element_type=\"section\" data-e-type=\"section\">\n\t\t\t\t\t\t<div class=\"elementor-container elementor-column-gap-default\">\n\t\t\t\t\t<div class=\"elementor-column elementor-col-50 elementor-top-column elementor-element elementor-element-4566385\" data-id=\"4566385\" data-element_type=\"column\" data-e-type=\"column\">\n\t\t\t<div class=\"elementor-widget-wrap elementor-element-populated\">\n\t\t\t\t\t\t<div class=\"elementor-element elementor-element-6a72a30 elementor-widget elementor-widget-ube-heading\" data-id=\"6a72a30\" data-element_type=\"widget\" data-e-type=\"widget\" data-widget_type=\"ube-heading.default\">\n\t\t\t\t<div class=\"elementor-widget-container\">\n\t\t\t\t\t<div class=\"ube-heading\">\n\t<h2 class=\"ube-heading-title\">\" Topiarius \" <\/h2><div class=\"ube-heading-description\"><p>L'art topiaire, \u00e9galement appel\u00e9 art de la sculpture v\u00e9g\u00e9tale ou art des jardins g\u00e9om\u00e9triques, consiste \u00e0 tailler les arbustes, les haies et les arbres en des formes g\u00e9om\u00e9triques pr\u00e9cises ou en des sculptures repr\u00e9sentant des objets, des animaux ou des personnages. Cette technique de taille de plantes est souvent utilis\u00e9e pour cr\u00e9er des motifs ornementaux dans les jardins, les parcs et les espaces verts.<br \/><br \/>L'art topiaire peut \u00eatre pratiqu\u00e9 \u00e0 diff\u00e9rentes \u00e9chelles, allant de petits arbustes taill\u00e9s dans des pots jusqu'\u00e0 de grandes haies sculpt\u00e9es dans des parcs et des jardins publics. Les plantes les plus couramment utilis\u00e9es pour l'art topiaire sont les buis, les ifs, les cypr\u00e8s, les \u00e9rables japonais et les houx.<br \/><br \/>L'art topiaire est une forme d'art ancienne, qui remonte \u00e0 l'\u00e9poque romaine. Elle est souvent associ\u00e9e \u00e0 la culture europ\u00e9enne, mais elle est pratiqu\u00e9e dans le monde entier. L'art topiaire n\u00e9cessite des comp\u00e9tences techniques et esth\u00e9tiques pour cr\u00e9er des formes pr\u00e9cises et \u00e9l\u00e9gantes tout en pr\u00e9servant la sant\u00e9 de la plante.<\/p><\/div><\/div>\t\t\t\t<\/div>\n\t\t\t\t<\/div>\n\t\t\t\t\t<\/div>\n\t\t<\/div>\n\t\t\t\t<div class=\"elementor-column elementor-col-50 elementor-top-column elementor-element elementor-element-0dcb870\" data-id=\"0dcb870\" data-element_type=\"column\" data-e-type=\"column\">\n\t\t\t<div class=\"elementor-widget-wrap elementor-element-populated\">\n\t\t\t\t\t\t<div class=\"elementor-element elementor-element-62cd49d elementor-align-left elementor-widget elementor-widget-ube-banner\" data-id=\"62cd49d\" data-element_type=\"widget\" data-e-type=\"widget\" data-widget_type=\"ube-banner.default\">\n\t\t\t\t<div class=\"elementor-widget-container\">\n\t\t\t\t\t    <div class=\"ube-banner ube-banner-layout-03 ube-banner-has-effect ube-banner-effect-flash ube-banner-effect-img-zoom-in\">\n        <div class=\"ube-banner-image\">\n\t\t\t                <a href=\"#\">\n                <\/a>\n\t\t\t            <div class=\"ube-banner-bg\" style=\"background-image : url(https:\/\/www.topiaires.be\/wp-content\/uploads\/2023\/04\/5faa6ecd077ee701e83fb6b2a88e246a-1596120141.jpg)\">\n            <\/div>\n        <\/div>\n        <div class=\"ube-banner-content\">\n\t\t\t\t\t\t\t\t\t\t\t\t\t\t\t\t\t\t\t\t\t        <\/div>\n    <\/div>\n\t\t\t\t<\/div>\n\t\t\t\t<\/div>\n\t\t\t\t\t<\/div>\n\t\t<\/div>\n\t\t\t\t\t<\/div>\n\t\t<\/section>\n\t\t\t\t<section class=\"elementor-section elementor-top-section elementor-element elementor-element-0650ef0 elementor-section-content-middle elementor-section-full_width elementor-section-stretched elementor-section-height-default elementor-section-height-default\" data-id=\"0650ef0\" data-element_type=\"section\" data-e-type=\"section\" data-settings=\"{&quot;background_background&quot;:&quot;classic&quot;,&quot;stretch_section&quot;:&quot;section-stretched&quot;}\">\n\t\t\t\t\t\t<div class=\"elementor-container elementor-column-gap-no\">\n\t\t\t\t\t<div class=\"elementor-column elementor-col-100 elementor-top-column elementor-element elementor-element-1c6b6a6\" data-id=\"1c6b6a6\" data-element_type=\"column\" data-e-type=\"column\">\n\t\t\t<div class=\"elementor-widget-wrap elementor-element-populated\">\n\t\t\t\t\t\t<div class=\"elementor-element elementor-element-7fb9bec elementor-widget elementor-widget-spacer\" data-id=\"7fb9bec\" data-element_type=\"widget\" data-e-type=\"widget\" data-widget_type=\"spacer.default\">\n\t\t\t\t<div class=\"elementor-widget-container\">\n\t\t\t\t\t\t\t<div class=\"elementor-spacer\">\n\t\t\t<div class=\"elementor-spacer-inner\"><\/div>\n\t\t<\/div>\n\t\t\t\t\t\t<\/div>\n\t\t\t\t<\/div>\n\t\t\t\t<div class=\"elementor-element elementor-element-445df04 elementor-widget elementor-widget-gallery\" data-id=\"445df04\" data-element_type=\"widget\" data-e-type=\"widget\" data-settings=\"{&quot;gallery_layout&quot;:&quot;justified&quot;,&quot;ideal_row_height&quot;:{&quot;unit&quot;:&quot;px&quot;,&quot;size&quot;:214,&quot;sizes&quot;:[]},&quot;gap&quot;:{&quot;unit&quot;:&quot;px&quot;,&quot;size&quot;:9,&quot;sizes&quot;:[]},&quot;ideal_row_height_tablet&quot;:{&quot;unit&quot;:&quot;px&quot;,&quot;size&quot;:150,&quot;sizes&quot;:[]},&quot;ideal_row_height_mobile&quot;:{&quot;unit&quot;:&quot;px&quot;,&quot;size&quot;:150,&quot;sizes&quot;:[]},&quot;gap_tablet&quot;:{&quot;unit&quot;:&quot;px&quot;,&quot;size&quot;:10,&quot;sizes&quot;:[]},&quot;gap_mobile&quot;:{&quot;unit&quot;:&quot;px&quot;,&quot;size&quot;:10,&quot;sizes&quot;:[]},&quot;link_to&quot;:&quot;file&quot;,&quot;overlay_background&quot;:&quot;yes&quot;,&quot;content_hover_animation&quot;:&quot;fade-in&quot;}\" data-widget_type=\"gallery.default\">\n\t\t\t\t<div class=\"elementor-widget-container\">\n\t\t\t\t\t\t\t<div class=\"elementor-gallery__container\">\n\t\t\t\t\t\t\t<a class=\"e-gallery-item elementor-gallery-item elementor-animated-content\" href=\"https:\/\/topiaires.be\/wp-content\/uploads\/2023\/05\/Art-topiaire-Durbuy-6-1.jpg\" data-elementor-open-lightbox=\"yes\" data-elementor-lightbox-slideshow=\"445df04\" data-elementor-lightbox-title=\"Art-topiaire-Durbuy-6.jpg\" data-e-action-hash=\"#elementor-action%3Aaction%3Dlightbox%26settings%3DeyJpZCI6MTg1MzYsInVybCI6Imh0dHBzOlwvXC90b3BpYWlyZXMuYmVcL3dwLWNvbnRlbnRcL3VwbG9hZHNcLzIwMjNcLzA1XC9BcnQtdG9waWFpcmUtRHVyYnV5LTYtMS5qcGciLCJzbGlkZXNob3ciOiI0NDVkZjA0In0%3D\">\n\t\t\t\t\t<div class=\"e-gallery-image elementor-gallery-item__image\" data-thumbnail=\"https:\/\/topiaires.be\/wp-content\/uploads\/2023\/05\/Art-topiaire-Durbuy-6-1-300x225.jpg\" data-width=\"300\" data-height=\"225\" aria-label=\"\" role=\"img\" ><\/div>\n\t\t\t\t\t\t\t\t\t\t\t<div class=\"elementor-gallery-item__overlay\"><\/div>\n\t\t\t\t\t\t\t\t\t\t\t\t\t\t<\/a>\n\t\t\t\t\t\t\t<a class=\"e-gallery-item elementor-gallery-item elementor-animated-content\" href=\"https:\/\/topiaires.be\/wp-content\/uploads\/2023\/05\/Art-topiaire-Durbuy-7-1.jpg\" data-elementor-open-lightbox=\"yes\" data-elementor-lightbox-slideshow=\"445df04\" data-elementor-lightbox-title=\"Art-topiaire-Durbuy-7.jpg\" data-e-action-hash=\"#elementor-action%3Aaction%3Dlightbox%26settings%3DeyJpZCI6MTg1MzksInVybCI6Imh0dHBzOlwvXC90b3BpYWlyZXMuYmVcL3dwLWNvbnRlbnRcL3VwbG9hZHNcLzIwMjNcLzA1XC9BcnQtdG9waWFpcmUtRHVyYnV5LTctMS5qcGciLCJzbGlkZXNob3ciOiI0NDVkZjA0In0%3D\">\n\t\t\t\t\t<div class=\"e-gallery-image elementor-gallery-item__image\" data-thumbnail=\"https:\/\/topiaires.be\/wp-content\/uploads\/2023\/05\/Art-topiaire-Durbuy-7-1-300x225.jpg\" data-width=\"300\" data-height=\"225\" aria-label=\"\" role=\"img\" ><\/div>\n\t\t\t\t\t\t\t\t\t\t\t<div class=\"elementor-gallery-item__overlay\"><\/div>\n\t\t\t\t\t\t\t\t\t\t\t\t\t\t<\/a>\n\t\t\t\t\t\t\t<a class=\"e-gallery-item elementor-gallery-item elementor-animated-content\" href=\"https:\/\/topiaires.be\/wp-content\/uploads\/2023\/05\/Art-topiaire-Durbuy-5-1.jpg\" data-elementor-open-lightbox=\"yes\" data-elementor-lightbox-slideshow=\"445df04\" data-elementor-lightbox-title=\"Art-topiaire-Durbuy-5.jpg\" data-e-action-hash=\"#elementor-action%3Aaction%3Dlightbox%26settings%3DeyJpZCI6MTg1NDIsInVybCI6Imh0dHBzOlwvXC90b3BpYWlyZXMuYmVcL3dwLWNvbnRlbnRcL3VwbG9hZHNcLzIwMjNcLzA1XC9BcnQtdG9waWFpcmUtRHVyYnV5LTUtMS5qcGciLCJzbGlkZXNob3ciOiI0NDVkZjA0In0%3D\">\n\t\t\t\t\t<div class=\"e-gallery-image elementor-gallery-item__image\" data-thumbnail=\"https:\/\/topiaires.be\/wp-content\/uploads\/2023\/05\/Art-topiaire-Durbuy-5-1-300x225.jpg\" data-width=\"300\" data-height=\"225\" aria-label=\"\" role=\"img\" ><\/div>\n\t\t\t\t\t\t\t\t\t\t\t<div class=\"elementor-gallery-item__overlay\"><\/div>\n\t\t\t\t\t\t\t\t\t\t\t\t\t\t<\/a>\n\t\t\t\t\t\t\t<a class=\"e-gallery-item elementor-gallery-item elementor-animated-content\" href=\"https:\/\/topiaires.be\/wp-content\/uploads\/2023\/05\/Art-topiaire-Durbuy-3-1.jpg\" data-elementor-open-lightbox=\"yes\" data-elementor-lightbox-slideshow=\"445df04\" data-elementor-lightbox-title=\"Art-topiaire-Durbuy-3.jpg\" data-e-action-hash=\"#elementor-action%3Aaction%3Dlightbox%26settings%3DeyJpZCI6MTg1NDUsInVybCI6Imh0dHBzOlwvXC90b3BpYWlyZXMuYmVcL3dwLWNvbnRlbnRcL3VwbG9hZHNcLzIwMjNcLzA1XC9BcnQtdG9waWFpcmUtRHVyYnV5LTMtMS5qcGciLCJzbGlkZXNob3ciOiI0NDVkZjA0In0%3D\">\n\t\t\t\t\t<div class=\"e-gallery-image elementor-gallery-item__image\" data-thumbnail=\"https:\/\/topiaires.be\/wp-content\/uploads\/2023\/05\/Art-topiaire-Durbuy-3-1-225x300.jpg\" data-width=\"225\" data-height=\"300\" aria-label=\"\" role=\"img\" ><\/div>\n\t\t\t\t\t\t\t\t\t\t\t<div class=\"elementor-gallery-item__overlay\"><\/div>\n\t\t\t\t\t\t\t\t\t\t\t\t\t\t<\/a>\n\t\t\t\t\t\t\t<a class=\"e-gallery-item elementor-gallery-item elementor-animated-content\" href=\"https:\/\/topiaires.be\/wp-content\/uploads\/2023\/05\/Art-topiaire-Durbuy-4-1.jpg\" data-elementor-open-lightbox=\"yes\" data-elementor-lightbox-slideshow=\"445df04\" data-elementor-lightbox-title=\"Art-topiaire-Durbuy-4.jpg\" data-e-action-hash=\"#elementor-action%3Aaction%3Dlightbox%26settings%3DeyJpZCI6MTg1NDgsInVybCI6Imh0dHBzOlwvXC90b3BpYWlyZXMuYmVcL3dwLWNvbnRlbnRcL3VwbG9hZHNcLzIwMjNcLzA1XC9BcnQtdG9waWFpcmUtRHVyYnV5LTQtMS5qcGciLCJzbGlkZXNob3ciOiI0NDVkZjA0In0%3D\">\n\t\t\t\t\t<div class=\"e-gallery-image elementor-gallery-item__image\" data-thumbnail=\"https:\/\/topiaires.be\/wp-content\/uploads\/2023\/05\/Art-topiaire-Durbuy-4-1-300x225.jpg\" data-width=\"300\" data-height=\"225\" aria-label=\"\" role=\"img\" ><\/div>\n\t\t\t\t\t\t\t\t\t\t\t<div class=\"elementor-gallery-item__overlay\"><\/div>\n\t\t\t\t\t\t\t\t\t\t\t\t\t\t<\/a>\n\t\t\t\t\t\t\t<a class=\"e-gallery-item elementor-gallery-item elementor-animated-content\" href=\"https:\/\/topiaires.be\/wp-content\/uploads\/2023\/05\/Art-topiaire-Durbuy-2-1.jpg\" data-elementor-open-lightbox=\"yes\" data-elementor-lightbox-slideshow=\"445df04\" data-elementor-lightbox-title=\"Art-topiaire-Durbuy-2.jpg\" data-e-action-hash=\"#elementor-action%3Aaction%3Dlightbox%26settings%3DeyJpZCI6MTg1NTEsInVybCI6Imh0dHBzOlwvXC90b3BpYWlyZXMuYmVcL3dwLWNvbnRlbnRcL3VwbG9hZHNcLzIwMjNcLzA1XC9BcnQtdG9waWFpcmUtRHVyYnV5LTItMS5qcGciLCJzbGlkZXNob3ciOiI0NDVkZjA0In0%3D\">\n\t\t\t\t\t<div class=\"e-gallery-image elementor-gallery-item__image\" data-thumbnail=\"https:\/\/topiaires.be\/wp-content\/uploads\/2023\/05\/Art-topiaire-Durbuy-2-1-225x300.jpg\" data-width=\"225\" data-height=\"300\" aria-label=\"\" role=\"img\" ><\/div>\n\t\t\t\t\t\t\t\t\t\t\t<div class=\"elementor-gallery-item__overlay\"><\/div>\n\t\t\t\t\t\t\t\t\t\t\t\t\t\t<\/a>\n\t\t\t\t\t\t\t<a class=\"e-gallery-item elementor-gallery-item elementor-animated-content\" href=\"https:\/\/topiaires.be\/wp-content\/uploads\/2023\/05\/Art-topiaire-Durbuy-1-1.jpg\" data-elementor-open-lightbox=\"yes\" data-elementor-lightbox-slideshow=\"445df04\" data-elementor-lightbox-title=\"Art-topiaire-Durbuy-1.jpg\" data-e-action-hash=\"#elementor-action%3Aaction%3Dlightbox%26settings%3DeyJpZCI6MTg1NTQsInVybCI6Imh0dHBzOlwvXC90b3BpYWlyZXMuYmVcL3dwLWNvbnRlbnRcL3VwbG9hZHNcLzIwMjNcLzA1XC9BcnQtdG9waWFpcmUtRHVyYnV5LTEtMS5qcGciLCJzbGlkZXNob3ciOiI0NDVkZjA0In0%3D\">\n\t\t\t\t\t<div class=\"e-gallery-image elementor-gallery-item__image\" data-thumbnail=\"https:\/\/topiaires.be\/wp-content\/uploads\/2023\/05\/Art-topiaire-Durbuy-1-1-225x300.jpg\" data-width=\"225\" data-height=\"300\" aria-label=\"\" role=\"img\" ><\/div>\n\t\t\t\t\t\t\t\t\t\t\t<div class=\"elementor-gallery-item__overlay\"><\/div>\n\t\t\t\t\t\t\t\t\t\t\t\t\t\t<\/a>\n\t\t\t\t\t<\/div>\n\t\t\t\t\t<\/div>\n\t\t\t\t<\/div>\n\t\t\t\t\t<\/div>\n\t\t<\/div>\n\t\t\t\t\t<\/div>\n\t\t<\/section>\n\t\t\t\t<\/div>\n\t\t","protected":false},"excerpt":{"rendered":"<p>Topiary is an art&#8230; \u00a9 FRE\u0301DE\u0301RIC RAEVENS Topiary &#8221; Topiarius &#8220; the art of topiary The name TOPIARY\u00a0comes from Roman times. &#8220;Topiarus&#8221; was in fact the term used by Plinius (62-113 AD) to designate his gardeners. The art of topiary, the mastery of modelling plant structures, was already practised in the first century AD. Plinius&#8217;s [&hellip;]<\/p>\n","protected":false},"author":1,"featured_media":0,"parent":0,"menu_order":0,"comment_status":"closed","ping_status":"closed","template":"","meta":{"footnotes":""},"class_list":["post-18055","page","type-page","status-publish","hentry"],"yoast_head":"<!-- This site is optimized with the Yoast SEO plugin v27.5 - https:\/\/yoast.com\/product\/yoast-seo-wordpress\/ -->\n<title>Topiary art - Topiaires<\/title>\n<meta name=\"robots\" content=\"index, follow, max-snippet:-1, max-image-preview:large, max-video-preview:-1\" \/>\n<link rel=\"canonical\" href=\"https:\/\/topiaires.be\/en\/topiary-art\/\" \/>\n<meta property=\"og:locale\" content=\"en_US\" \/>\n<meta property=\"og:type\" content=\"article\" \/>\n<meta property=\"og:title\" content=\"Topiary art - Topiaires\" \/>\n<meta property=\"og:description\" content=\"Topiary is an art&#8230; \u00a9 FRE\u0301DE\u0301RIC RAEVENS Topiary &#8221; Topiarius &#8220; the art of topiary The name TOPIARY\u00a0comes from Roman times. &#8220;Topiarus&#8221; was in fact the term used by Plinius (62-113 AD) to designate his gardeners. The art of topiary, the mastery of modelling plant structures, was already practised in the first century AD. Plinius&#8217;s [&hellip;]\" \/>\n<meta property=\"og:url\" content=\"https:\/\/topiaires.be\/en\/topiary-art\/\" \/>\n<meta property=\"og:site_name\" content=\"Topiaires\" \/>\n<meta property=\"article:publisher\" content=\"https:\/\/www.facebook.com\/parcdestopiaires\/?locale=fr_FR\" \/>\n<meta property=\"article:modified_time\" content=\"2023-08-07T16:39:00+00:00\" \/>\n<meta property=\"og:image\" content=\"https:\/\/topiaires.be\/wp-content\/uploads\/2023\/04\/image4696606966361348741.jpg\" \/>\n\t<meta property=\"og:image:width\" content=\"750\" \/>\n\t<meta property=\"og:image:height\" content=\"561\" \/>\n\t<meta property=\"og:image:type\" content=\"image\/jpeg\" \/>\n<meta name=\"twitter:card\" content=\"summary_large_image\" \/>\n<meta name=\"twitter:label1\" content=\"Est. reading time\" \/>\n\t<meta name=\"twitter:data1\" content=\"2 minutes\" \/>\n<script type=\"application\/ld+json\" class=\"yoast-schema-graph\">{\"@context\":\"https:\\\/\\\/schema.org\",\"@graph\":[{\"@type\":\"WebPage\",\"@id\":\"https:\\\/\\\/topiaires.be\\\/en\\\/topiary-art\\\/\",\"url\":\"https:\\\/\\\/topiaires.be\\\/en\\\/topiary-art\\\/\",\"name\":\"Topiary art - Topiaires\",\"isPartOf\":{\"@id\":\"https:\\\/\\\/topiaires.be\\\/#website\"},\"datePublished\":\"2023-05-01T13:07:25+00:00\",\"dateModified\":\"2023-08-07T16:39:00+00:00\",\"breadcrumb\":{\"@id\":\"https:\\\/\\\/topiaires.be\\\/en\\\/topiary-art\\\/#breadcrumb\"},\"inLanguage\":\"en-US\",\"potentialAction\":[{\"@type\":\"ReadAction\",\"target\":[\"https:\\\/\\\/topiaires.be\\\/en\\\/topiary-art\\\/\"]}]},{\"@type\":\"BreadcrumbList\",\"@id\":\"https:\\\/\\\/topiaires.be\\\/en\\\/topiary-art\\\/#breadcrumb\",\"itemListElement\":[{\"@type\":\"ListItem\",\"position\":1,\"name\":\"Accueil\",\"item\":\"https:\\\/\\\/topiaires.be\\\/en\\\/\"},{\"@type\":\"ListItem\",\"position\":2,\"name\":\"Topiary art\"}]},{\"@type\":\"WebSite\",\"@id\":\"https:\\\/\\\/topiaires.be\\\/#website\",\"url\":\"https:\\\/\\\/topiaires.be\\\/\",\"name\":\"Parc des Topiaires de Durbuy\",\"description\":\"Parc des Topiaires de Durbuy\",\"publisher\":{\"@id\":\"https:\\\/\\\/topiaires.be\\\/#organization\"},\"alternateName\":\"Topiaires\",\"potentialAction\":[{\"@type\":\"SearchAction\",\"target\":{\"@type\":\"EntryPoint\",\"urlTemplate\":\"https:\\\/\\\/topiaires.be\\\/?s={search_term_string}\"},\"query-input\":{\"@type\":\"PropertyValueSpecification\",\"valueRequired\":true,\"valueName\":\"search_term_string\"}}],\"inLanguage\":\"en-US\"},{\"@type\":\"Organization\",\"@id\":\"https:\\\/\\\/topiaires.be\\\/#organization\",\"name\":\"Parc des topiaires de Durbuy\",\"url\":\"https:\\\/\\\/topiaires.be\\\/\",\"logo\":{\"@type\":\"ImageObject\",\"inLanguage\":\"en-US\",\"@id\":\"https:\\\/\\\/topiaires.be\\\/#\\\/schema\\\/logo\\\/image\\\/\",\"url\":\"http:\\\/\\\/topiaires.be\\\/wp-content\\\/uploads\\\/2023\\\/04\\\/topiaires.be_logo.svg\",\"contentUrl\":\"http:\\\/\\\/topiaires.be\\\/wp-content\\\/uploads\\\/2023\\\/04\\\/topiaires.be_logo.svg\",\"width\":140,\"height\":100,\"caption\":\"Parc des topiaires de Durbuy\"},\"image\":{\"@id\":\"https:\\\/\\\/topiaires.be\\\/#\\\/schema\\\/logo\\\/image\\\/\"},\"sameAs\":[\"https:\\\/\\\/www.facebook.com\\\/parcdestopiaires\\\/?locale=fr_FR\"]}]}<\/script>\n<!-- \/ Yoast SEO plugin. -->","yoast_head_json":{"title":"Topiary art - Topiaires","robots":{"index":"index","follow":"follow","max-snippet":"max-snippet:-1","max-image-preview":"max-image-preview:large","max-video-preview":"max-video-preview:-1"},"canonical":"https:\/\/topiaires.be\/en\/topiary-art\/","og_locale":"en_US","og_type":"article","og_title":"Topiary art - Topiaires","og_description":"Topiary is an art&#8230; \u00a9 FRE\u0301DE\u0301RIC RAEVENS Topiary &#8221; Topiarius &#8220; the art of topiary The name TOPIARY\u00a0comes from Roman times. &#8220;Topiarus&#8221; was in fact the term used by Plinius (62-113 AD) to designate his gardeners. The art of topiary, the mastery of modelling plant structures, was already practised in the first century AD. Plinius&#8217;s [&hellip;]","og_url":"https:\/\/topiaires.be\/en\/topiary-art\/","og_site_name":"Topiaires","article_publisher":"https:\/\/www.facebook.com\/parcdestopiaires\/?locale=fr_FR","article_modified_time":"2023-08-07T16:39:00+00:00","og_image":[{"width":750,"height":561,"url":"https:\/\/topiaires.be\/wp-content\/uploads\/2023\/04\/image4696606966361348741.jpg","type":"image\/jpeg"}],"twitter_card":"summary_large_image","twitter_misc":{"Est. reading time":"2 minutes"},"schema":{"@context":"https:\/\/schema.org","@graph":[{"@type":"WebPage","@id":"https:\/\/topiaires.be\/en\/topiary-art\/","url":"https:\/\/topiaires.be\/en\/topiary-art\/","name":"Topiary art - Topiaires","isPartOf":{"@id":"https:\/\/topiaires.be\/#website"},"datePublished":"2023-05-01T13:07:25+00:00","dateModified":"2023-08-07T16:39:00+00:00","breadcrumb":{"@id":"https:\/\/topiaires.be\/en\/topiary-art\/#breadcrumb"},"inLanguage":"en-US","potentialAction":[{"@type":"ReadAction","target":["https:\/\/topiaires.be\/en\/topiary-art\/"]}]},{"@type":"BreadcrumbList","@id":"https:\/\/topiaires.be\/en\/topiary-art\/#breadcrumb","itemListElement":[{"@type":"ListItem","position":1,"name":"Accueil","item":"https:\/\/topiaires.be\/en\/"},{"@type":"ListItem","position":2,"name":"Topiary art"}]},{"@type":"WebSite","@id":"https:\/\/topiaires.be\/#website","url":"https:\/\/topiaires.be\/","name":"Parc des Topiaires de Durbuy","description":"Parc des Topiaires de Durbuy","publisher":{"@id":"https:\/\/topiaires.be\/#organization"},"alternateName":"Topiaires","potentialAction":[{"@type":"SearchAction","target":{"@type":"EntryPoint","urlTemplate":"https:\/\/topiaires.be\/?s={search_term_string}"},"query-input":{"@type":"PropertyValueSpecification","valueRequired":true,"valueName":"search_term_string"}}],"inLanguage":"en-US"},{"@type":"Organization","@id":"https:\/\/topiaires.be\/#organization","name":"Parc des topiaires de Durbuy","url":"https:\/\/topiaires.be\/","logo":{"@type":"ImageObject","inLanguage":"en-US","@id":"https:\/\/topiaires.be\/#\/schema\/logo\/image\/","url":"http:\/\/topiaires.be\/wp-content\/uploads\/2023\/04\/topiaires.be_logo.svg","contentUrl":"http:\/\/topiaires.be\/wp-content\/uploads\/2023\/04\/topiaires.be_logo.svg","width":140,"height":100,"caption":"Parc des topiaires de Durbuy"},"image":{"@id":"https:\/\/topiaires.be\/#\/schema\/logo\/image\/"},"sameAs":["https:\/\/www.facebook.com\/parcdestopiaires\/?locale=fr_FR"]}]}},"_links":{"self":[{"href":"https:\/\/topiaires.be\/en\/wp-json\/wp\/v2\/pages\/18055","targetHints":{"allow":["GET"]}}],"collection":[{"href":"https:\/\/topiaires.be\/en\/wp-json\/wp\/v2\/pages"}],"about":[{"href":"https:\/\/topiaires.be\/en\/wp-json\/wp\/v2\/types\/page"}],"author":[{"embeddable":true,"href":"https:\/\/topiaires.be\/en\/wp-json\/wp\/v2\/users\/1"}],"replies":[{"embeddable":true,"href":"https:\/\/topiaires.be\/en\/wp-json\/wp\/v2\/comments?post=18055"}],"version-history":[{"count":11,"href":"https:\/\/topiaires.be\/en\/wp-json\/wp\/v2\/pages\/18055\/revisions"}],"predecessor-version":[{"id":19209,"href":"https:\/\/topiaires.be\/en\/wp-json\/wp\/v2\/pages\/18055\/revisions\/19209"}],"wp:attachment":[{"href":"https:\/\/topiaires.be\/en\/wp-json\/wp\/v2\/media?parent=18055"}],"curies":[{"name":"wp","href":"https:\/\/api.w.org\/{rel}","templated":true}]}}